{"id":1014,"date":"2024-07-21T11:18:42","date_gmt":"2024-07-21T09:18:42","guid":{"rendered":"https:\/\/newsweden.se\/blog\/?page_id=1014"},"modified":"2024-07-21T11:18:42","modified_gmt":"2024-07-21T09:18:42","slug":"medlemsvillkor","status":"publish","type":"page","link":"http:\/\/newsweden.se\/blog\/medlemsvillkor\/","title":{"rendered":"Medlemsvillkor\u00a0"},"content":{"rendered":"\n<h2 class=\"wp-block-heading\">Personuppgiftshantering<\/h2>\n\n\n\n<p><strong>F\u00f6r att kunna identifiera dig som kund och betalare hanteras f\u00f6ljande:<\/strong><br \/>Namn<br \/>Adress<br \/>Personnummer<br \/>Bild<br \/>Grupptillh\u00f6righet<br \/>Medlemskap<\/p>\n\n\n\n<p><strong>Beroende p\u00e5 hur du betalar kan f\u00f6ljande uppgifter om dig hanteras f\u00f6ljande:<\/strong><br \/>Kortuppgifter<br \/>Bankkontouppgifter<br \/>Personnummer<br \/>Faktura-uppgifter, namn och adress<br \/>E-post<\/p>\n\n\n\n<p><strong>F\u00f6r att vi ska kunna kontakta dig och f\u00f6r att du ska kunna logga in i systemet hanteras f\u00f6ljande:<\/strong><br \/>E-post<br \/>Telefonnummer<br \/>Grupptillh\u00f6righeter<\/p>\n\n\n\n<p><strong>F\u00f6r v\u00e5r och er egen statistik hanteras f\u00f6ljande:<\/strong><br \/>Pass- och aktivitetshistorik<br \/>Incheckningshistorik<br \/>K\u00f6n<br \/>K\u00f6phistorik<br \/>Medlemskapshistorik<\/p>\n\n\n\n<p><strong>I bokf\u00f6ringssyfte hanterar vi f\u00f6ljande:<\/strong><br \/>K\u00f6phistorik<br \/>Missade betalningar<\/p>\n\n\n\n<p><strong>Hur l\u00e4nge sparas mina uppgifter?<\/strong><br \/>Vi sparar dina uppgifter s\u00e5 l\u00e4nge du \u00e4r kund och medlem hos oss. D\u00e4refter kommer vi automatiskt att rensa bort dina uppgifter inom 1 \u00e5r.<br \/>Din betalningshistorik sparas s\u00e5 l\u00e5ng tid som kr\u00e4vs enligt bokf\u00f6ringslagen.<\/p>\n\n\n\n<p><strong>Vilka r\u00e4ttigheter har jag?<\/strong><br \/>Som kund hos oss har du vissa r\u00e4ttigheter n\u00e4r det kommer till hur vi behandlar dina personuppgifter.<\/p>\n\n\n\n<p><strong>R\u00e4tt till tillg\u00e5ng<\/strong>&nbsp;&#8211; Du kan beg\u00e4ra ut ett utdrag med all data som vi har sparat om dig.<br \/><strong>R\u00e4tt till r\u00e4ttelse<\/strong>&nbsp;&#8211; Du har r\u00e4tt att korrigera den data vi har sparat om dig.<br \/><strong>R\u00e4tt till radering<\/strong>&nbsp;&#8211; Du har r\u00e4tt att beg\u00e4ra total radering av din data fr\u00e5n v\u00e5rt system. OBS, detta g\u00e5r bara g\u00f6ra n\u00e4r du inte l\u00e4ngre har ett aktivt avtal med oss.<br \/><strong>R\u00e4tt till begr\u00e4nsning<\/strong>&nbsp;&#8211; Du har r\u00e4tt att kr\u00e4va att behandlingen av dina personuppgifter begr\u00e4nsas, t.ex. n\u00e4r du anser att de \u00e4r felaktiga och beg\u00e4rt r\u00e4ttelse.<br \/><strong>R\u00e4tt att g\u00f6ra inv\u00e4ndningar<\/strong>&nbsp;&#8211; Du har r\u00e4tt att g\u00f6ra inv\u00e4ndningar p\u00e5 hur vi hanterar dina personuppgifter, t.ex. kan du neka att dina uppgifter anv\u00e4nds i direktmarknadsf\u00f6ringssyfte.<br \/><strong>R\u00e4tt till dataportabilitet<\/strong>&nbsp;&#8211; Du har r\u00e4tt att f\u00e5 en kopia p\u00e5 din data i ett strukturerat och maskinl\u00e4sligt format.<br \/><strong>R\u00e4tt att framf\u00f6ra klagan<\/strong>&nbsp;&#8211; Om du anser att vi hanterar dina personuppgifter p\u00e5 ett felaktigt s\u00e4tt kan du kontakta oss. Du har \u00e4ven r\u00e4tt att l\u00e4mna in ett klagom\u00e5l till tillsynsmyndigheten.<\/p>\n","protected":false},"excerpt":{"rendered":"<p>Personuppgiftshantering F\u00f6r att kunna identifiera dig som kund och betalare hanteras f\u00f6ljande:NamnAdressPersonnummerBildGrupptillh\u00f6righetMedlemskap Beroende p\u00e5 hur du betalar kan f\u00f6ljande uppgifter om dig hanteras f\u00f6ljande:KortuppgifterBankkontouppgifterPersonnummerFaktura-uppgifter, namn och adressE-post F\u00f6r att vi ska kunna kontakta dig och f\u00f6r att du ska kunna logga in i systemet hanteras f\u00f6ljande:E-postTelefonnummerGrupptillh\u00f6righeter F\u00f6r v\u00e5r och er egen statistik hanteras f\u00f6ljande:Pass- och [&hellip;]<\/p>\n","protected":false},"author":2,"featured_media":0,"parent":0,"menu_order":0,"comment_status":"closed","ping_status":"closed","template":"","meta":{"_et_pb_use_builder":"off","_et_pb_old_content":"","_et_gb_content_width":"","footnotes":""},"class_list":["post-1014","page","type-page","status-publish","hentry"],"_links":{"self":[{"href":"http:\/\/newsweden.se\/blog\/wp-json\/wp\/v2\/pages\/1014","targetHints":{"allow":["GET"]}}],"collection":[{"href":"http:\/\/newsweden.se\/blog\/wp-json\/wp\/v2\/pages"}],"about":[{"href":"http:\/\/newsweden.se\/blog\/wp-json\/wp\/v2\/types\/page"}],"author":[{"embeddable":true,"href":"http:\/\/newsweden.se\/blog\/wp-json\/wp\/v2\/users\/2"}],"replies":[{"embeddable":true,"href":"http:\/\/newsweden.se\/blog\/wp-json\/wp\/v2\/comments?post=1014"}],"version-history":[{"count":1,"href":"http:\/\/newsweden.se\/blog\/wp-json\/wp\/v2\/pages\/1014\/revisions"}],"predecessor-version":[{"id":1015,"href":"http:\/\/newsweden.se\/blog\/wp-json\/wp\/v2\/pages\/1014\/revisions\/1015"}],"wp:attachment":[{"href":"http:\/\/newsweden.se\/blog\/wp-json\/wp\/v2\/media?parent=1014"}],"curies":[{"name":"wp","href":"https:\/\/api.w.org\/{rel}","templated":true}]}}