{"id":744,"date":"2021-03-07T22:25:54","date_gmt":"2021-03-07T21:25:54","guid":{"rendered":"http:\/\/newsweden.se\/blog\/?page_id=744"},"modified":"2024-12-02T11:10:29","modified_gmt":"2024-12-02T10:10:29","slug":"information","status":"publish","type":"page","link":"http:\/\/newsweden.se\/blog\/information\/","title":{"rendered":"Information"},"content":{"rendered":"\t\t<div data-elementor-type=\"wp-page\" data-elementor-id=\"744\" class=\"elementor elementor-744\">\n\t\t\t\t\t\t<section class=\"elementor-section elementor-top-section elementor-element elementor-element-64a8416e elementor-section-boxed elementor-section-height-default elementor-section-height-default\" data-id=\"64a8416e\" data-element_type=\"section\" data-e-type=\"section\">\n\t\t\t\t\t\t<div class=\"elementor-container elementor-column-gap-default\">\n\t\t\t\t\t<div class=\"elementor-column elementor-col-100 elementor-top-column elementor-element elementor-element-25166e7a\" data-id=\"25166e7a\" data-element_type=\"column\" data-e-type=\"column\">\n\t\t\t<div class=\"elementor-widget-wrap elementor-element-populated\">\n\t\t\t\t\t\t<div class=\"elementor-element elementor-element-13b78e27 elementor-widget elementor-widget-text-editor\" data-id=\"13b78e27\" data-element_type=\"widget\" data-e-type=\"widget\" data-widget_type=\"text-editor.default\">\n\t\t\t\t<div class=\"elementor-widget-container\">\n\t\t\t\t\t\t\t\t\t<p>[et_pb_section fb_built=&#8221;1&#8243; _builder_version=&#8221;4.9.1&#8243; _module_preset=&#8221;default&#8221;][et_pb_row _builder_version=&#8221;4.9.1&#8243; _module_preset=&#8221;default&#8221;][et_pb_column type=&#8221;4_4&#8243; _builder_version=&#8221;4.9.1&#8243; _module_preset=&#8221;default&#8221;][et_pb_text _builder_version=&#8221;4.9.1&#8243; _module_preset=&#8221;default&#8221; text_line_height=&#8221;1.4em&#8221; link_text_color=&#8221;#0C71C3&#8243; custom_margin=&#8221;0px||||false|false&#8221; custom_padding=&#8221;3px||||false|false&#8221;]<\/p>\n<div data-id=\"2be0e47\" data-element_type=\"widget\" data-widget_type=\"heading.default\">\n<div>\n<h2>INFORMATION<\/h2>\n<\/div>\n<\/div>\n<div data-id=\"9638cbd\" data-element_type=\"widget\" data-widget_type=\"heading.default\">\n<div>\n<p>Ni \u00e4r v\u00e4lkommen att bes\u00f6ka v\u00e5rt <a href=\"https:\/\/www.facebook.com\/NewSwedenBoxingAcademy\/\">gym<\/a> p\u00e5&nbsp;<em><b>Datav\u00e4gen 1, 436 32 Askim<\/b><\/em> i Sisj\u00f6n. (G\u00f6teborg)<\/p>\n<\/div>\n<\/div>\n<div data-id=\"28c8225\" data-element_type=\"widget\" data-widget_type=\"heading.default\">\n<div>\n<p><b>#<\/b>BoxningF\u00f6rAlla H\u00f6sten &#8211; 2024<\/p>\n<div>&nbsp;<\/div>\n<div>Vill du provtr\u00e4na betalar du 100:-\/vecka&nbsp;<a style=\"font-size: 14px; font-family: var( --e-global-typography-text-font-family ), Sans-serif; font-weight: var( --e-global-typography-text-font-weight );\" href=\"https:\/\/eliteptcentre.wondr.se\/schema\/?tryit=true\" target=\"_blank\" rel=\"noopener\">l\u00e4nk<\/a><\/div>\n<div>&nbsp;<\/div>\n<div>Boka provpass:<\/div>\n<div>\n<p><a href=\"http:\/\/www.boxing.nu\">www.boxing.nu<\/a><\/p>\n<\/div>\n<div>\n<h1>&nbsp;<\/h1>\n<h1><b>New Sweden Boxing Academy &#8211; Sisj\u00f6n<\/b><\/h1>\n<div>#<b>BoxningF\u00f6rAlla 2024<br \/><\/b><\/div>\n<\/div>\n<div><b><u>&nbsp;<\/u><\/b><\/div>\n<div>\n<h5><b><u>M\u00e5ndagar<\/u><\/b><\/h5>\n<\/div>\n<p style=\"margin: 0px; font-stretch: normal; line-height: normal;\"><span style=\"font-size: 14px; color: var( --e-global-color-text ); font-family: var( --e-global-typography-text-font-family ), Sans-serif; font-weight: var( --e-global-typography-text-font-weight );\">Kl 17 Flickor &amp; pojkar 10-15 \u00e5r<br \/><\/span><span style=\"font-size: 14px; color: var( --e-global-color-text ); font-family: var( --e-global-typography-text-font-family ), Sans-serif; font-weight: var( --e-global-typography-text-font-weight );\">(Diplombox)<br \/><\/span><\/p>\n<p style=\"margin: 0px; font-stretch: normal; line-height: normal;\"><span style=\"font-size: 14px; background-color: #ffffff;\">Kl 18 Flickor &amp; pojkar 6 -10 \u00e5r<br \/><\/span><span style=\"background-color: #ffffff; font-size: 14px; color: var( --e-global-color-text ); font-family: var( --e-global-typography-text-font-family ), Sans-serif; font-weight: var( --e-global-typography-text-font-weight );\">(KidsBox)<br \/><\/span><span style=\"font-size: 14px; background-color: #ffffff;\">Kl 18 Familjetr\u00e4ning &#8211; JoinTheFamily<\/span><br \/><span style=\"font-size: 14px; background-color: #ffffff;\">(Barn(3-6\u00e5r) tr\u00e4nar i s\u00e4llskap med m\u00e5lsman)<\/span><\/p>\n<p style=\"margin: 0px; font-stretch: normal; line-height: normal;\"><span style=\"font-size: 14px; color: var( --e-global-color-text ); font-family: var( --e-global-typography-text-font-family ), Sans-serif; font-weight: var( --e-global-typography-text-font-weight );\"><br \/>Kl 19 M\u00e4n &amp; kvinnor fr 15 \u00e5r<br \/><\/span><span style=\"font-size: 14px; color: var( --e-global-color-text ); font-family: var( --e-global-typography-text-font-family ), Sans-serif; font-weight: var( --e-global-typography-text-font-weight );\">(Rookie-Advance)<\/span><\/p>\n<p style=\"margin: 0px; font-stretch: normal; line-height: normal;\">Kl 20 Open Training\/Fritr\u00e4ning<br \/>(Rookie-Advance) (Obs! ej sparring)<\/p>\n<div>&nbsp;<\/div>\n<div>\n<h5><b><u>Tisdagar<\/u><\/b><\/h5>\n<\/div>\n<p style=\"margin: 0px; font-stretch: normal; line-height: normal;\">Kl 17 Familjetr\u00e4ning &#8211; JoinTheFamily<br \/>(Barn(<span style=\"background-color: #ffffff; font-size: 14px; color: var( --e-global-color-text ); font-family: var( --e-global-typography-text-font-family ), Sans-serif; font-weight: var( --e-global-typography-text-font-weight );\">3-6\u00e5r)<\/span><span style=\"font-size: 14px; color: var( --e-global-color-text ); font-family: var( --e-global-typography-text-font-family ), Sans-serif; font-weight: var( --e-global-typography-text-font-weight );\">&nbsp;tr\u00e4nar i s\u00e4llskap med m\u00e5lsman)<\/span><\/p>\n<p style=\"margin: 0px; font-stretch: normal; line-height: normal;\">Kl 18 Tjejer\/kvinnor fr 13 \u00e5r<br \/>(Fight Like A Lady)<\/p>\n<p style=\"margin: 0px; font-stretch: normal; line-height: normal;\">Kl 19 Matchboxare fr 14 \u00e5r<br \/>(Gruppass med fokus p\u00e5&nbsp;<span style=\"font-family: UICTFontTextStyleEmphasizedBody; font-weight: bold;\">Matchboxning)<\/span>&nbsp;<\/p>\n<p style=\"margin: 0px; font-stretch: normal; line-height: normal;\">Kl 20 Open Training\/Fritr\u00e4ning<br \/>(Rookie-Advance) (Obs! ej sparring)<\/p>\n<div>&nbsp;<\/div>\n<div>\n<h5><b><u>Onsdagar<\/u><\/b><\/h5>\n<\/div>\n<p style=\"font-size: 14px; background-color: #ffffff; font-stretch: normal; line-height: normal;\"><span style=\"font-size: 14px; color: var( --e-global-color-text ); font-family: var( --e-global-typography-text-font-family ), Sans-serif; font-weight: var( --e-global-typography-text-font-weight );\">Kl 17 Flickor &amp; pojkar 10-15 \u00e5r<br \/><\/span><span style=\"font-size: 14px; color: var( --e-global-color-text ); font-family: var( --e-global-typography-text-font-family ), Sans-serif; font-weight: var( --e-global-typography-text-font-weight );\">(Diplombox)<br \/><\/span><\/p>\n<p style=\"font-size: 14px; background-color: #ffffff; font-stretch: normal; line-height: normal;\"><span style=\"font-size: 14px; background-color: #ffffff;\">Kl 18 Flickor &amp; pojkar 6 -10 \u00e5r<br \/><\/span><span style=\"font-size: 14px; background-color: #ffffff; color: var( --e-global-color-text ); font-family: var( --e-global-typography-text-font-family ), Sans-serif; font-weight: var( --e-global-typography-text-font-weight );\">(KidsBox)<br \/><\/span><span style=\"font-size: 14px; background-color: #ffffff;\">Kl 18 Familjetr\u00e4ning &#8211; JoinTheFamily<\/span><br \/><span style=\"font-size: 14px; background-color: #ffffff;\">(Barn(3-6\u00e5r) tr\u00e4nar i s\u00e4llskap med m\u00e5lsman)<\/span><\/p>\n<p style=\"font-size: 14px; background-color: #ffffff; font-stretch: normal; line-height: normal;\"><span style=\"background-color: #ffffff; font-size: 14px; color: var( --e-global-color-text ); font-family: var( --e-global-typography-text-font-family ), Sans-serif; font-weight: var( --e-global-typography-text-font-weight );\">Kl 19 M\u00e4n &amp; kvinnor fr 15 \u00e5r<br \/><\/span><span style=\"background-color: #ffffff; font-size: 14px; color: var( --e-global-color-text ); font-family: var( --e-global-typography-text-font-family ), Sans-serif; font-weight: var( --e-global-typography-text-font-weight );\">(Rookie-Advance)<\/span><\/p>\n<p style=\"margin: 0px; font-stretch: normal; line-height: normal;\">Kl 20 Open Training\/Fritr\u00e4ning<br \/>(Rookie-Advance) (Obs! ej sparring)<\/p>\n<div>&nbsp;<\/div>\n<div>\n<h5><b><u>Torsdagar<\/u><\/b><\/h5>\n<\/div>\n<p style=\"margin: 0px; font-stretch: normal; line-height: normal;\">Kl 17 <span style=\"background-color: #ffffff; font-size: 14px; color: var( --e-global-color-text ); font-family: var( --e-global-typography-text-font-family ), Sans-serif; font-weight: var( --e-global-typography-text-font-weight );\">Tjejer 8-13 \u00e5r<br \/><\/span><span style=\"background-color: #ffffff; font-size: 14px; color: var( --e-global-color-text ); font-family: var( --e-global-typography-text-font-family ), Sans-serif; font-weight: var( --e-global-typography-text-font-weight );\">(Fight Like A Lady)<\/span><\/p>\n<\/div>\n<div>\n<p style=\"margin: 0px; font-stretch: normal; line-height: normal;\">Kl 18 Tjejer\/kvinnor fr 13 \u00e5r<br \/>(Fight Like A Lady)<\/p>\n<p style=\"margin: 0px; font-stretch: normal; line-height: normal;\">Kl 19 Diplom- fr.10\u00e5r\/MatchSparring fr14\u00e5r<br \/>(Sparring med coachning)<\/p>\n<p style=\"margin: 0px; font-stretch: normal; line-height: normal;\">Kl 20 Open Training\/Fritr\u00e4ning<br \/>(Rookie-Advance) (Obs! ej sparring)<\/p>\n<div>&nbsp;<\/div>\n<div>\n<h5><b><u>Fredagar<\/u><\/b><\/h5>\n<\/div>\n<div>\n<p style=\"margin: 0px; font-stretch: normal; line-height: normal;\">Kl 17 Flickor\/kvinnor &amp; pojkar\/m\u00e4n 6 -99 \u00e5r<br \/>(#BoxningF\u00f6rAlla)<\/p>\n<p style=\"margin: 0px; font-stretch: normal; line-height: normal;\">\n<\/p><\/div>\n<div>&nbsp;<\/div>\n<p><i>Vi tror p\u00e5 att alla niv\u00e5er tr\u00e4nar tillsammans f\u00f6r att det inspirerar b\u00e5de nyb\u00f6rjare och proffs, d\u00e5 nyb\u00f6rjare kan l\u00e4ra sig av erfarna och de erfarna kan v\u00e4xa som f\u00f6rebilder, d\u00e4rf\u00f6r kallar vi v\u00e5rt koncept #BoxningF\u00f6rAlla.<\/i><\/p>\n<p><u><b>Tr\u00e4ningsavgift:<br \/><\/b><\/u><br \/>250:-\/m\u00e5nad f\u00f6r barn &amp; studenter (autogiro)<\/p>\n<p>400:-\/m\u00e5nad f\u00f6r vuxna. (autogiro) Inkl Gym<\/p>\n<p>Autogiro 3 m\u00e5naders upps\u00e4gningstid, ingen bindningstid.<\/p>\n<p>Vill du provtr\u00e4na betalar du 100:-\/vecka(ing\u00e5r medlemskap i Punch out Boxingclub)<br \/>Punch Out Boxingclub \u00e4r v\u00e5r samarbetande F\u00f6rening d\u00e4r f\u00f6reningens ledare utf\u00f6r instruktioner i verksamheten Boxning.<br \/>F\u00f6reningens ledare har minst Steg 1 Tr\u00e4narutbildning via Svenska Boxningsf\u00f6rbundets utbildningsmodell.<\/p>\n<p>F\u00f6r att delta i v\u00e5r verksamhet beh\u00f6ver du vara medlem i f\u00f6reningen Punch out Boxingclub. Ett medlemskap ni erh\u00e5ller n\u00e4r ni provtr\u00e4nar eller\/och signar upp f\u00f6r tr\u00e4ningsmedlemskap via www.newsweden.club alternativt via v\u00e5ra ledare p\u00e5 plats i tr\u00e4ningslokal. N\u00e4r det g\u00e4ller medlemskapet i Punch Out s\u00e5 debiteras medlemsavgiften p\u00e5 100sek vid signup via v\u00e5r betalningsmodul Wondr.<\/p>\n<p>Obligatorisk registrering via <a href=\"http:\/\/www.boxing.nu\">www.boxing.nu<\/a><\/p>\n<p>I tr\u00e4ningsavgiften ing\u00e5r \u00e4ven kort till Ziva Elite Gym(1500m2)<br \/>(\u00e5ldersgr\u00e4ns 15\u00e5r\/10\u00e5r i m\u00e5lsmans s\u00e4llskap.)<br \/>Gymmet \u00f6ppet 06-22<\/p>\n<p>K\u00f6p av medlemskap g\u00f6r du via <a href=\"https:\/\/eliteptcentre.wondr.se\/register\">l\u00e4nken<\/a><\/p>\n<p><u><b>PT Boxning med Robert Nordman:<br \/><\/b><\/u>600:-\/pass<br \/>2500:-\/5 pass<br \/>4000:-\/10 pass<\/p>\n<p>I Boxningens gemenskap \u00e4r alla v\u00e4lkomna<\/p>\n<p>New Sweden Boxing Academy \u00e4r en plattform f\u00f6r individer som vill utveckla sin idrottsliga eller personliga karri\u00e4r med fokus p\u00e5 fysisk och mental h\u00e4lsa.<br \/><i>Plattformen erbjuder vi individer att n\u00e5 sina dr\u00f6mmar att boxas i m\u00e4sterskap, bli proffs eller helt enkelt bara komma i bra form.<\/i><\/p>\n<\/div>\n<\/div>\n<div data-id=\"bd58a83\" data-element_type=\"widget\" data-widget_type=\"heading.default\">\n<div>\n<p><a href=\"http:\/\/newsweden.se\/blog\/\">newsweden.se<\/a><\/p>\n<\/div>\n<\/div>\n<div data-id=\"f9ad292\" data-element_type=\"widget\" data-widget_type=\"heading.default\">\n<div>\n<p><a href=\"https:\/\/www.facebook.com\/NewSwedenBoxingAcademy\/\">https:\/\/www.facebook.com\/NewSwedenBoxingAcademy\/<\/a><\/p>\n<\/div>\n<\/div>\n<div data-id=\"f08cee4\" data-element_type=\"widget\" data-widget_type=\"heading.default\">\n<div>\n<p>New Sweden Boxing Academy<br \/>Datav\u00e4gen 1<br \/>436 32 Askim<\/p>\n<p>Viktig info g\u00e4llande covid-19<br \/>F\u00f6r att deltaga i tr\u00e4ningen ska person och dess familj vara symptomfria de senaste 48h. Vid ankomst decifineras h\u00e4nder i entr\u00e9n. Vi tar feberkontroll innan tr\u00e4ningen vid 37,6C eller mer f\u00e5r ni ej deltaga i tr\u00e4ningen.<\/p>\n<p>Med v\u00e4nlig h\u00e4lsning,<\/p>\n<\/div>\n<\/div>\n<div data-id=\"1c5d886\" data-element_type=\"widget\" data-widget_type=\"heading.default\">\n<div>\n<h2>Coach: Robert Nordman<\/h2>\n<h2><b>Personlig Tr\u00e4nare:<\/b><\/h2>\n<\/div>\n<\/div>\n<div data-id=\"1447806\" data-element_type=\"widget\" data-widget_type=\"heading.default\">\n<div>\n<p>+46 704 26 91 100<\/p>\n<\/div>\n<\/div>\t\t\t\t\t\t\t\t<\/div>\n\t\t\t\t<\/div>\n\t\t\t\t\t<\/div>\n\t\t<\/div>\n\t\t\t\t\t<\/div>\n\t\t<\/section>\n\t\t\t\t<\/div>\n\t\t","protected":false},"excerpt":{"rendered":"<p>INFORMATION Ni \u00e4r v\u00e4lkommen att bes\u00f6ka v\u00e5rt gym p\u00e5&nbsp;Datav\u00e4gen 1, 436 32 Askim i Sisj\u00f6n. (G\u00f6teborg) #BoxningF\u00f6rAlla H\u00f6sten &#8211; 2024 &nbsp; Vill du provtr\u00e4na betalar du 100:-\/vecka&nbsp;l\u00e4nk &nbsp; Boka provpass: www.boxing.nu &nbsp; New Sweden Boxing Academy &#8211; Sisj\u00f6n #BoxningF\u00f6rAlla 2024 &nbsp; M\u00e5ndagar Kl 17 Flickor &amp; pojkar 10-15 \u00e5r(Diplombox) Kl 18 Flickor &amp; pojkar 6 [&hellip;]<\/p>\n","protected":false},"author":2,"featured_media":0,"parent":0,"menu_order":0,"comment_status":"closed","ping_status":"closed","template":"","meta":{"_et_pb_use_builder":"on","_et_pb_old_content":"","_et_gb_content_width":"","footnotes":""},"class_list":["post-744","page","type-page","status-publish","hentry"],"_links":{"self":[{"href":"http:\/\/newsweden.se\/blog\/wp-json\/wp\/v2\/pages\/744","targetHints":{"allow":["GET"]}}],"collection":[{"href":"http:\/\/newsweden.se\/blog\/wp-json\/wp\/v2\/pages"}],"about":[{"href":"http:\/\/newsweden.se\/blog\/wp-json\/wp\/v2\/types\/page"}],"author":[{"embeddable":true,"href":"http:\/\/newsweden.se\/blog\/wp-json\/wp\/v2\/users\/2"}],"replies":[{"embeddable":true,"href":"http:\/\/newsweden.se\/blog\/wp-json\/wp\/v2\/comments?post=744"}],"version-history":[{"count":57,"href":"http:\/\/newsweden.se\/blog\/wp-json\/wp\/v2\/pages\/744\/revisions"}],"predecessor-version":[{"id":1059,"href":"http:\/\/newsweden.se\/blog\/wp-json\/wp\/v2\/pages\/744\/revisions\/1059"}],"wp:attachment":[{"href":"http:\/\/newsweden.se\/blog\/wp-json\/wp\/v2\/media?parent=744"}],"curies":[{"name":"wp","href":"https:\/\/api.w.org\/{rel}","templated":true}]}}